{"id":2,"date":"2016-05-10T03:48:21","date_gmt":"2016-05-10T03:48:21","guid":{"rendered":"https:\/\/meldorfwaerme.de\/?page_id=2"},"modified":"2026-02-27T12:50:00","modified_gmt":"2026-02-27T12:50:00","slug":"sample-page","status":"publish","type":"page","link":"https:\/\/meldorfwaerme.de\/","title":{"rendered":"Home"},"content":{"rendered":"\t\t<div data-elementor-type=\"wp-page\" data-elementor-id=\"2\" class=\"elementor elementor-2\" data-elementor-post-type=\"page\">\n\t\t\t\t<div class=\"elementor-element elementor-element-54d01f7 e-con-full e-flex e-con e-parent\" data-id=\"54d01f7\" data-element_type=\"container\" data-e-type=\"container\">\n\t\t\t\t<div class=\"elementor-element elementor-element-5cc819a elementor-widget-mobile__width-auto elementor-widget__width-initial elementor-widget elementor-widget-heading\" data-id=\"5cc819a\" data-element_type=\"widget\" data-e-type=\"widget\" data-widget_type=\"heading.default\">\n\t\t\t\t\t<h1 class=\"elementor-heading-title elementor-size-default\">Ihre W\u00e4rme.<br>Unsere Zukunft.<\/h1>\t\t\t\t<\/div>\n\t\t\t\t<div class=\"elementor-element elementor-element-48d3481 elementor-widget__width-initial elementor-widget elementor-widget-image\" data-id=\"48d3481\" data-element_type=\"widget\" data-e-type=\"widget\" data-widget_type=\"image.default\">\n\t\t\t\t\t\t\t\t\t\t\t\t\t\t\t<img fetchpriority=\"high\" decoding=\"async\" width=\"1600\" height=\"600\" src=\"https:\/\/meldorfwaerme.de\/wp-content\/uploads\/2025\/11\/Vater-mit-Kind-Header_ret-Pic.jpg\" class=\"attachment-full size-full wp-image-1105\" alt=\"\" srcset=\"https:\/\/meldorfwaerme.de\/wp-content\/uploads\/2025\/11\/Vater-mit-Kind-Header_ret-Pic.jpg 1600w, https:\/\/meldorfwaerme.de\/wp-content\/uploads\/2025\/11\/Vater-mit-Kind-Header_ret-Pic-300x113.jpg 300w, https:\/\/meldorfwaerme.de\/wp-content\/uploads\/2025\/11\/Vater-mit-Kind-Header_ret-Pic-1024x384.jpg 1024w, https:\/\/meldorfwaerme.de\/wp-content\/uploads\/2025\/11\/Vater-mit-Kind-Header_ret-Pic-768x288.jpg 768w, https:\/\/meldorfwaerme.de\/wp-content\/uploads\/2025\/11\/Vater-mit-Kind-Header_ret-Pic-1536x576.jpg 1536w\" sizes=\"(max-width: 1600px) 100vw, 1600px\" \/>\t\t\t\t\t\t\t\t\t\t\t\t\t\t\t<\/div>\n\t\t\t\t<\/div>\n\t\t<div class=\"elementor-element elementor-element-7eecb22 e-flex e-con-boxed e-con e-parent\" data-id=\"7eecb22\" data-element_type=\"container\" data-e-type=\"container\">\n\t\t\t\t\t<div class=\"e-con-inner\">\n\t\t\t\t<div class=\"elementor-element elementor-element-610365d elementor-widget elementor-widget-heading\" data-id=\"610365d\" data-element_type=\"widget\" data-e-type=\"widget\" data-widget_type=\"heading.default\">\n\t\t\t\t\t<h2 class=\"elementor-heading-title elementor-size-default\">Willkommen bei der Meldorfer W\u00e4rmeinfrastruktur<\/h2>\t\t\t\t<\/div>\n\t\t\t\t\t<\/div>\n\t\t\t\t<\/div>\n\t\t<div class=\"elementor-element elementor-element-50a3ac9 e-flex e-con-boxed e-con e-parent\" data-id=\"50a3ac9\" data-element_type=\"container\" data-e-type=\"container\">\n\t\t\t\t\t<div class=\"e-con-inner\">\n\t\t\t\t<div class=\"elementor-element elementor-element-3b87ac8 elementor-widget__width-initial elementor-widget elementor-widget-text-editor\" data-id=\"3b87ac8\" data-element_type=\"widget\" data-e-type=\"widget\" data-widget_type=\"text-editor.default\">\n\t\t\t\t\t\t\t\t\t<p><strong>Schleswig-Holstein setzt auf eine klimafreundliche Zukunft.<\/strong><\/p><p>Unser Bundesland verfolgt das Ziel, bis 2040 vollst\u00e4ndig klimaneutral zu sein. Innovative Projekte wie der Meldorfer Erdbecken-W\u00e4rmespeicher zeigen, wie erneuerbare Energie und effiziente W\u00e4rmenetze dabei helfen, dieses ambitionierte Vorhaben mit zu tragen.<\/p><p>Mit jedem Kilowatt W\u00e4rme aus regionalen, CO\u2082-armen Quellen bringen wir Schleswig-Holstein ein St\u00fcck n\u00e4her an eine nachhaltige Energieversorgung. Unsere W\u00e4rmel\u00f6sungen sind Teil einer landesweiten Strategie, die fossile Brennstoffe Schritt f\u00fcr Schritt ersetzt und gleichzeitig die Lebensqualit\u00e4t vor Ort verbessert.<\/p><p><strong>Wir gestalten die W\u00e4rmewende in Meldorf aktiv mit.<\/strong><\/p><p>Die Stadt Meldorf nutzt schon heute \u00fcbersch\u00fcssige Energie klug und verantwortungsbewusst f\u00fcr die Zukunft:<\/p><p>Aktuell verwenden wir \u00fcbersch\u00fcssige W\u00e4rme aus der Biogasverstromung und Erdgas f\u00fcr die Spitzenlast. Die Speicherung industrieller Abw\u00e4rme im Erdbecken ist erstmals f\u00fcr die Sommerperiode 2026 geplant. \u00dcber das W\u00e4rmenetz versorgen wir dann in der kalten Jahreszeit Meldorfer Geb\u00e4ude mit behaglicher W\u00e4rme &#8211; zuverl\u00e4ssig, nachhaltig, effizient.<\/p><p><strong>Energie, die bleibt. W\u00e4rme, die wirkt.<\/strong><\/p><p>Der saisonale Erdbecken-W\u00e4rmespeicher in Meldorf ist der Erste seiner Art in Deutschland und ein Modellprojekt f\u00fcr die W\u00e4rmewende &#8211; mit dem Ziel, den Einsatz fossiler, klimasch\u00e4dlicher Heizsysteme zu reduzieren. Unsere Energiezentrale versorgt mittlerweile diverse \u00f6ffentliche Liegenschaften. Der weitere Ausbau fokussiert sich momentan auf gr\u00f6\u00dfere Verbraucher in \u00f6ffentlicher Hand, soll in Zukunft jedoch auch privaten Anschlussnehmern in unmittelbarer N\u00e4he zum Bestandsnetz zur Verf\u00fcgung stehen.<\/p><p><strong>Alle Meldorfer sind eingeladen, die W\u00e4rmewende mit uns zu gestalten, f\u00fcr eine lebenswerte Zukunft.<\/strong><\/p>\t\t\t\t\t\t\t\t<\/div>\n\t\t\t\t\t<\/div>\n\t\t\t\t<\/div>\n\t\t<div class=\"elementor-element elementor-element-baafd42 e-flex e-con-boxed e-con e-parent\" data-id=\"baafd42\" data-element_type=\"container\" data-e-type=\"container\">\n\t\t\t\t\t<div class=\"e-con-inner\">\n\t\t\t\t<div class=\"elementor-element elementor-element-f9db9bc elementor-widget-divider--view-line elementor-widget elementor-widget-divider\" data-id=\"f9db9bc\" data-element_type=\"widget\" data-e-type=\"widget\" data-widget_type=\"divider.default\">\n\t\t\t\t\t\t\t<div class=\"elementor-divider\">\n\t\t\t<span class=\"elementor-divider-separator\">\n\t\t\t\t\t\t<\/span>\n\t\t<\/div>\n\t\t\t\t\t\t<\/div>\n\t\t\t\t\t<\/div>\n\t\t\t\t<\/div>\n\t\t<div class=\"elementor-element elementor-element-e0bca85 e-flex e-con-boxed e-con e-parent\" data-id=\"e0bca85\" data-element_type=\"container\" data-e-type=\"container\">\n\t\t\t\t\t<div class=\"e-con-inner\">\n\t\t<div class=\"elementor-element elementor-element-219b718 e-con-full e-flex e-con e-child\" data-id=\"219b718\" data-element_type=\"container\" data-e-type=\"container\">\n\t\t<div class=\"elementor-element elementor-element-15a8950 e-con-full e-flex e-con e-child\" data-id=\"15a8950\" data-element_type=\"container\" data-e-type=\"container\">\n\t\t\t\t<div class=\"elementor-element elementor-element-2e503eb elementor-widget elementor-widget-image\" data-id=\"2e503eb\" data-element_type=\"widget\" data-e-type=\"widget\" data-widget_type=\"image.default\">\n\t\t\t\t\t\t\t\t\t\t\t\t<figure class=\"wp-caption\">\n\t\t\t\t\t\t\t\t\t\t<img decoding=\"async\" width=\"800\" height=\"533\" src=\"https:\/\/meldorfwaerme.de\/wp-content\/uploads\/2025\/09\/Biogas-Nahaufnahme-1024x682.jpg\" class=\"attachment-large size-large wp-image-590\" alt=\"\" srcset=\"https:\/\/meldorfwaerme.de\/wp-content\/uploads\/2025\/09\/Biogas-Nahaufnahme-1024x682.jpg 1024w, https:\/\/meldorfwaerme.de\/wp-content\/uploads\/2025\/09\/Biogas-Nahaufnahme-300x200.jpg 300w, https:\/\/meldorfwaerme.de\/wp-content\/uploads\/2025\/09\/Biogas-Nahaufnahme-768x511.jpg 768w, https:\/\/meldorfwaerme.de\/wp-content\/uploads\/2025\/09\/Biogas-Nahaufnahme-1536x1022.jpg 1536w, https:\/\/meldorfwaerme.de\/wp-content\/uploads\/2025\/09\/Biogas-Nahaufnahme-2048x1363.jpg 2048w\" sizes=\"(max-width: 800px) 100vw, 800px\" \/>\t\t\t\t\t\t\t\t\t\t\t<figcaption class=\"widget-image-caption wp-caption-text\">Die Biogasanlage der RKM Naturgas GmbH im Norden Meldorfs. Hier entsteht ein Teil der Abw\u00e4rme, die das Wasser im Erdbeckenspeicher auf bis zu 85\u00b0C aufheizen soll, der die W\u00e4rme dann f\u00fcr die Heizperiode speichert. <\/figcaption>\n\t\t\t\t\t\t\t\t\t\t<\/figure>\n\t\t\t\t\t\t\t\t\t<\/div>\n\t\t\t\t<\/div>\n\t\t\t\t<\/div>\n\t\t<div class=\"elementor-element elementor-element-993f245 e-con-full e-flex e-con e-child\" data-id=\"993f245\" data-element_type=\"container\" data-e-type=\"container\">\n\t\t<div class=\"elementor-element elementor-element-d0fef8e e-con-full e-flex e-con e-child\" data-id=\"d0fef8e\" data-element_type=\"container\" data-e-type=\"container\">\n\t\t\t\t<div class=\"elementor-element elementor-element-eaa5b5f elementor-widget elementor-widget-heading\" data-id=\"eaa5b5f\" data-element_type=\"widget\" data-e-type=\"widget\" data-widget_type=\"heading.default\">\n\t\t\t\t\t<h3 class=\"elementor-heading-title elementor-size-default\">Ihre Vorteile als W\u00e4rmekunde:<\/h3>\t\t\t\t<\/div>\n\t\t\t\t<div class=\"elementor-element elementor-element-68a633e elementor-align-start elementor-list-item-link-full_width elementor-widget elementor-widget-icon-list\" data-id=\"68a633e\" data-element_type=\"widget\" data-e-type=\"widget\" data-widget_type=\"icon-list.default\">\n\t\t\t\t\t\t\t<ul class=\"elementor-icon-list-items\">\n\t\t\t\t\t\t\t<li class=\"elementor-icon-list-item\">\n\t\t\t\t\t\t\t\t\t\t\t<span class=\"elementor-icon-list-icon\">\n\t\t\t\t\t\t\t<svg aria-hidden=\"true\" class=\"e-font-icon-svg e-far-lightbulb\" viewBox=\"0 0 352 512\" xmlns=\"http:\/\/www.w3.org\/2000\/svg\"><path d=\"M176 80c-52.94 0-96 43.06-96 96 0 8.84 7.16 16 16 16s16-7.16 16-16c0-35.3 28.72-64 64-64 8.84 0 16-7.16 16-16s-7.16-16-16-16zM96.06 459.17c0 3.15.93 6.22 2.68 8.84l24.51 36.84c2.97 4.46 7.97 7.14 13.32 7.14h78.85c5.36 0 10.36-2.68 13.32-7.14l24.51-36.84c1.74-2.62 2.67-5.7 2.68-8.84l.05-43.18H96.02l.04 43.18zM176 0C73.72 0 0 82.97 0 176c0 44.37 16.45 84.85 43.56 115.78 16.64 18.99 42.74 58.8 52.42 92.16v.06h48v-.12c-.01-4.77-.72-9.51-2.15-14.07-5.59-17.81-22.82-64.77-62.17-109.67-20.54-23.43-31.52-53.15-31.61-84.14-.2-73.64 59.67-128 127.95-128 70.58 0 128 57.42 128 128 0 30.97-11.24 60.85-31.65 84.14-39.11 44.61-56.42 91.47-62.1 109.46a47.507 47.507 0 0 0-2.22 14.3v.1h48v-.05c9.68-33.37 35.78-73.18 52.42-92.16C335.55 260.85 352 220.37 352 176 352 78.8 273.2 0 176 0z\"><\/path><\/svg>\t\t\t\t\t\t<\/span>\n\t\t\t\t\t\t\t\t\t\t<span class=\"elementor-icon-list-text\">Nachhaltige W\u00e4rme \u2013 klimafreundlich durch erneuerbare Energie aus Biogas<\/span>\n\t\t\t\t\t\t\t\t\t<\/li>\n\t\t\t\t\t\t\t\t<li class=\"elementor-icon-list-item\">\n\t\t\t\t\t\t\t\t\t\t\t<span class=\"elementor-icon-list-icon\">\n\t\t\t\t\t\t\t<svg aria-hidden=\"true\" class=\"e-font-icon-svg e-fas-search-location\" viewBox=\"0 0 512 512\" xmlns=\"http:\/\/www.w3.org\/2000\/svg\"><path d=\"M505.04 442.66l-99.71-99.69c-4.5-4.5-10.6-7-17-7h-16.3c27.6-35.3 44-79.69 44-127.99C416.03 93.09 322.92 0 208.02 0S0 93.09 0 207.98s93.11 207.98 208.02 207.98c48.3 0 92.71-16.4 128.01-44v16.3c0 6.4 2.5 12.5 7 17l99.71 99.69c9.4 9.4 24.6 9.4 33.9 0l28.3-28.3c9.4-9.4 9.4-24.59.1-33.99zm-297.02-90.7c-79.54 0-144-64.34-144-143.98 0-79.53 64.35-143.98 144-143.98 79.54 0 144 64.34 144 143.98 0 79.53-64.35 143.98-144 143.98zm.02-239.96c-40.78 0-73.84 33.05-73.84 73.83 0 32.96 48.26 93.05 66.75 114.86a9.24 9.24 0 0 0 14.18 0c18.49-21.81 66.75-81.89 66.75-114.86 0-40.78-33.06-73.83-73.84-73.83zm0 96c-13.26 0-24-10.75-24-24 0-13.26 10.75-24 24-24s24 10.74 24 24c0 13.25-10.75 24-24 24z\"><\/path><\/svg>\t\t\t\t\t\t<\/span>\n\t\t\t\t\t\t\t\t\t\t<span class=\"elementor-icon-list-text\">Regionale Wertsch\u00f6pfung \u2013 Energieproduktion aus lokalen Rohstoffen<\/span>\n\t\t\t\t\t\t\t\t\t<\/li>\n\t\t\t\t\t\t\t\t<li class=\"elementor-icon-list-item\">\n\t\t\t\t\t\t\t\t\t\t\t<span class=\"elementor-icon-list-icon\">\n\t\t\t\t\t\t\t<svg aria-hidden=\"true\" class=\"e-font-icon-svg e-fas-euro-sign\" viewBox=\"0 0 320 512\" xmlns=\"http:\/\/www.w3.org\/2000\/svg\"><path d=\"M310.706 413.765c-1.314-6.63-7.835-10.872-14.424-9.369-10.692 2.439-27.422 5.413-45.426 5.413-56.763 0-101.929-34.79-121.461-85.449h113.689a12 12 0 0 0 11.708-9.369l6.373-28.36c1.686-7.502-4.019-14.631-11.708-14.631H115.22c-1.21-14.328-1.414-28.287.137-42.245H261.95a12 12 0 0 0 11.723-9.434l6.512-29.755c1.638-7.484-4.061-14.566-11.723-14.566H130.184c20.633-44.991 62.69-75.03 117.619-75.03 14.486 0 28.564 2.25 37.851 4.145 6.216 1.268 12.347-2.498 14.002-8.623l11.991-44.368c1.822-6.741-2.465-13.616-9.326-14.917C290.217 34.912 270.71 32 249.635 32 152.451 32 74.03 92.252 45.075 176H12c-6.627 0-12 5.373-12 12v29.755c0 6.627 5.373 12 12 12h21.569c-1.009 13.607-1.181 29.287-.181 42.245H12c-6.627 0-12 5.373-12 12v28.36c0 6.627 5.373 12 12 12h30.114C67.139 414.692 145.264 480 249.635 480c26.301 0 48.562-4.544 61.101-7.788 6.167-1.595 10.027-7.708 8.788-13.957l-8.818-44.49z\"><\/path><\/svg>\t\t\t\t\t\t<\/span>\n\t\t\t\t\t\t\t\t\t\t<span class=\"elementor-icon-list-text\">Kostensicherheit \u2013 stabile und planbare W\u00e4rmepreise<\/span>\n\t\t\t\t\t\t\t\t\t<\/li>\n\t\t\t\t\t\t\t\t<li class=\"elementor-icon-list-item\">\n\t\t\t\t\t\t\t\t\t\t\t<span class=\"elementor-icon-list-icon\">\n\t\t\t\t\t\t\t<svg aria-hidden=\"true\" class=\"e-font-icon-svg e-fas-history\" viewBox=\"0 0 512 512\" xmlns=\"http:\/\/www.w3.org\/2000\/svg\"><path d=\"M504 255.531c.253 136.64-111.18 248.372-247.82 248.468-59.015.042-113.223-20.53-155.822-54.911-11.077-8.94-11.905-25.541-1.839-35.607l11.267-11.267c8.609-8.609 22.353-9.551 31.891-1.984C173.062 425.135 212.781 440 256 440c101.705 0 184-82.311 184-184 0-101.705-82.311-184-184-184-48.814 0-93.149 18.969-126.068 49.932l50.754 50.754c10.08 10.08 2.941 27.314-11.313 27.314H24c-8.837 0-16-7.163-16-16V38.627c0-14.254 17.234-21.393 27.314-11.314l49.372 49.372C129.209 34.136 189.552 8 256 8c136.81 0 247.747 110.78 248 247.531zm-180.912 78.784l9.823-12.63c8.138-10.463 6.253-25.542-4.21-33.679L288 256.349V152c0-13.255-10.745-24-24-24h-16c-13.255 0-24 10.745-24 24v135.651l65.409 50.874c10.463 8.137 25.541 6.253 33.679-4.21z\"><\/path><\/svg>\t\t\t\t\t\t<\/span>\n\t\t\t\t\t\t\t\t\t\t<span class=\"elementor-icon-list-text\">Hohe Versorgungssicherheit \u2013 zuverl\u00e4ssige W\u00e4rme rund ums Jahr<\/span>\n\t\t\t\t\t\t\t\t\t<\/li>\n\t\t\t\t\t\t\t\t<li class=\"elementor-icon-list-item\">\n\t\t\t\t\t\t\t\t\t\t\t<span class=\"elementor-icon-list-icon\">\n\t\t\t\t\t\t\t<svg aria-hidden=\"true\" class=\"e-font-icon-svg e-fas-tree\" viewBox=\"0 0 384 512\" xmlns=\"http:\/\/www.w3.org\/2000\/svg\"><path d=\"M378.31 378.49L298.42 288h30.63c9.01 0 16.98-5 20.78-13.06 3.8-8.04 2.55-17.26-3.28-24.05L268.42 160h28.89c9.1 0 17.3-5.35 20.86-13.61 3.52-8.13 1.86-17.59-4.24-24.08L203.66 4.83c-6.03-6.45-17.28-6.45-23.32 0L70.06 122.31c-6.1 6.49-7.75 15.95-4.24 24.08C69.38 154.65 77.59 160 86.69 160h28.89l-78.14 90.91c-5.81 6.78-7.06 15.99-3.27 24.04C37.97 283 45.93 288 54.95 288h30.63L5.69 378.49c-6 6.79-7.36 16.09-3.56 24.26 3.75 8.05 12 13.25 21.01 13.25H160v24.45l-30.29 48.4c-5.32 10.64 2.42 23.16 14.31 23.16h95.96c11.89 0 19.63-12.52 14.31-23.16L224 440.45V416h136.86c9.01 0 17.26-5.2 21.01-13.25 3.8-8.17 2.44-17.47-3.56-24.26z\"><\/path><\/svg>\t\t\t\t\t\t<\/span>\n\t\t\t\t\t\t\t\t\t\t<span class=\"elementor-icon-list-text\">Beitrag zum Klimaschutz \u2013 Reduktion von CO\u2082-Emissionen<\/span>\n\t\t\t\t\t\t\t\t\t<\/li>\n\t\t\t\t\t\t\t\t<li class=\"elementor-icon-list-item\">\n\t\t\t\t\t\t\t\t\t\t\t<span class=\"elementor-icon-list-icon\">\n\t\t\t\t\t\t\t<svg aria-hidden=\"true\" class=\"e-font-icon-svg e-fas-tools\" viewBox=\"0 0 512 512\" xmlns=\"http:\/\/www.w3.org\/2000\/svg\"><path d=\"M501.1 395.7L384 278.6c-23.1-23.1-57.6-27.6-85.4-13.9L192 158.1V96L64 0 0 64l96 128h62.1l106.6 106.6c-13.6 27.8-9.2 62.3 13.9 85.4l117.1 117.1c14.6 14.6 38.2 14.6 52.7 0l52.7-52.7c14.5-14.6 14.5-38.2 0-52.7zM331.7 225c28.3 0 54.9 11 74.9 31l19.4 19.4c15.8-6.9 30.8-16.5 43.8-29.5 37.1-37.1 49.7-89.3 37.9-136.7-2.2-9-13.5-12.1-20.1-5.5l-74.4 74.4-67.9-11.3L334 98.9l74.4-74.4c6.6-6.6 3.4-17.9-5.7-20.2-47.4-11.7-99.6.9-136.6 37.9-28.5 28.5-41.9 66.1-41.2 103.6l82.1 82.1c8.1-1.9 16.5-2.9 24.7-2.9zm-103.9 82l-56.7-56.7L18.7 402.8c-25 25-25 65.5 0 90.5s65.5 25 90.5 0l123.6-123.6c-7.6-19.9-9.9-41.6-5-62.7zM64 472c-13.2 0-24-10.8-24-24 0-13.3 10.7-24 24-24s24 10.7 24 24c0 13.2-10.7 24-24 24z\"><\/path><\/svg>\t\t\t\t\t\t<\/span>\n\t\t\t\t\t\t\t\t\t\t<span class=\"elementor-icon-list-text\"> Keine Kosten f\u00fcr Wartung, Schornsteinreinigung oder Umweltschutzauflagen- die Anlage wird durch die WIMeG betrieben und gewartet. <\/span>\n\t\t\t\t\t\t\t\t\t<\/li>\n\t\t\t\t\t\t\t\t<li class=\"elementor-icon-list-item\">\n\t\t\t\t\t\t\t\t\t\t\t<span class=\"elementor-icon-list-icon\">\n\t\t\t\t\t\t\t<svg aria-hidden=\"true\" class=\"e-font-icon-svg e-fas-gifts\" viewBox=\"0 0 640 512\" xmlns=\"http:\/\/www.w3.org\/2000\/svg\"><path d=\"M240.6 194.1c1.9-30.8 17.3-61.2 44-79.8C279.4 103.5 268.7 96 256 96h-29.4l30.7-22c7.2-5.1 8.9-15.1 3.7-22.3l-9.3-13c-5.1-7.2-15.1-8.9-22.3-3.7l-32 22.9 11.5-30.6c3.1-8.3-1.1-17.5-9.4-20.6l-15-5.6c-8.3-3.1-17.5 1.1-20.6 9.4l-19.9 53-19.9-53.1C121 2.1 111.8-2.1 103.5 1l-15 5.6C80.2 9.7 76 19 79.2 27.2l11.5 30.6L58.6 35c-7.2-5.1-17.2-3.5-22.3 3.7l-9.3 13c-5.1 7.2-3.5 17.2 3.7 22.3l30.7 22H32c-17.7 0-32 14.3-32 32v352c0 17.7 14.3 32 32 32h168.9c-5.5-9.5-8.9-20.3-8.9-32V256c0-29.9 20.8-55 48.6-61.9zM224 480c0 17.7 14.3 32 32 32h160V384H224v96zm224 32h160c17.7 0 32-14.3 32-32v-96H448v128zm160-288h-20.4c2.6-7.6 4.4-15.5 4.4-23.8 0-35.5-27-72.2-72.1-72.2-48.1 0-75.9 47.7-87.9 75.3-12.1-27.6-39.9-75.3-87.9-75.3-45.1 0-72.1 36.7-72.1 72.2 0 8.3 1.7 16.2 4.4 23.8H256c-17.7 0-32 14.3-32 32v96h192V224h15.3l.7-.2.7.2H448v128h192v-96c0-17.7-14.3-32-32-32zm-272 0c-2.7-1.4-5.1-3-7.2-4.8-7.3-6.4-8.8-13.8-8.8-19 0-9.7 6.4-24.2 24.1-24.2 18.7 0 35.6 27.4 44.5 48H336zm199.2-4.8c-2.1 1.8-4.5 3.4-7.2 4.8h-52.6c8.8-20.3 25.8-48 44.5-48 17.7 0 24.1 14.5 24.1 24.2 0 5.2-1.5 12.6-8.8 19z\"><\/path><\/svg>\t\t\t\t\t\t<\/span>\n\t\t\t\t\t\t\t\t\t\t<span class=\"elementor-icon-list-text\">Kunden haben diverse F\u00f6rderm\u00f6glichkeiten von Bund und Land f\u00fcr den Anschluss an ein W\u00e4rmenetz<\/span>\n\t\t\t\t\t\t\t\t\t<\/li>\n\t\t\t\t\t\t<\/ul>\n\t\t\t\t\t\t<\/div>\n\t\t\t\t<\/div>\n\t\t\t\t<\/div>\n\t\t\t\t\t<\/div>\n\t\t\t\t<\/div>\n\t\t<div class=\"elementor-element elementor-element-18ca4ea e-flex e-con-boxed e-con e-parent\" data-id=\"18ca4ea\" data-element_type=\"container\" data-e-type=\"container\">\n\t\t\t\t\t<div class=\"e-con-inner\">\n\t\t\t\t<div class=\"elementor-element elementor-element-4cac866 elementor-align-left elementor-widget elementor-widget-button\" data-id=\"4cac866\" data-element_type=\"widget\" data-e-type=\"widget\" data-widget_type=\"button.default\">\n\t\t\t\t\t\t\t\t\t\t<a class=\"elementor-button elementor-button-link elementor-size-sm\" href=\"#\">\n\t\t\t\t\t\t<span class=\"elementor-button-content-wrapper\">\n\t\t\t\t\t\t\t\t\t<span class=\"elementor-button-text\">Sie haben Fragen? Kontaktieren Sie uns!<\/span>\n\t\t\t\t\t<\/span>\n\t\t\t\t\t<\/a>\n\t\t\t\t\t\t\t\t<\/div>\n\t\t\t\t\t<\/div>\n\t\t\t\t<\/div>\n\t\t<div class=\"elementor-element elementor-element-0319ffc e-flex e-con-boxed e-con e-parent\" data-id=\"0319ffc\" data-element_type=\"container\" data-e-type=\"container\">\n\t\t\t\t\t<div class=\"e-con-inner\">\n\t\t\t\t<div class=\"elementor-element elementor-element-ce9fd33 elementor-widget-divider--view-line elementor-widget elementor-widget-divider\" data-id=\"ce9fd33\" data-element_type=\"widget\" data-e-type=\"widget\" data-widget_type=\"divider.default\">\n\t\t\t\t\t\t\t<div class=\"elementor-divider\">\n\t\t\t<span class=\"elementor-divider-separator\">\n\t\t\t\t\t\t<\/span>\n\t\t<\/div>\n\t\t\t\t\t\t<\/div>\n\t\t\t\t\t<\/div>\n\t\t\t\t<\/div>\n\t\t<div class=\"elementor-element elementor-element-5fe4fca e-grid e-con-boxed e-con e-parent\" data-id=\"5fe4fca\" data-element_type=\"container\" data-e-type=\"container\">\n\t\t\t\t\t<div class=\"e-con-inner\">\n\t\t\t\t<div class=\"elementor-element elementor-element-0fa9311 elementor-widget elementor-widget-image\" data-id=\"0fa9311\" data-element_type=\"widget\" data-e-type=\"widget\" data-widget_type=\"image.default\">\n\t\t\t\t\t\t\t\t\t\t\t\t<figure class=\"wp-caption\">\n\t\t\t\t\t\t\t\t\t\t<img decoding=\"async\" width=\"800\" height=\"334\" src=\"https:\/\/meldorfwaerme.de\/wp-content\/uploads\/2025\/09\/M_und_Meldorf.ankommen.mitmachen_nebeneinander-1024x428.jpg\" class=\"attachment-large size-large wp-image-568\" alt=\"\" srcset=\"https:\/\/meldorfwaerme.de\/wp-content\/uploads\/2025\/09\/M_und_Meldorf.ankommen.mitmachen_nebeneinander-1024x428.jpg 1024w, https:\/\/meldorfwaerme.de\/wp-content\/uploads\/2025\/09\/M_und_Meldorf.ankommen.mitmachen_nebeneinander-300x125.jpg 300w, https:\/\/meldorfwaerme.de\/wp-content\/uploads\/2025\/09\/M_und_Meldorf.ankommen.mitmachen_nebeneinander-768x321.jpg 768w, https:\/\/meldorfwaerme.de\/wp-content\/uploads\/2025\/09\/M_und_Meldorf.ankommen.mitmachen_nebeneinander-1536x642.jpg 1536w, https:\/\/meldorfwaerme.de\/wp-content\/uploads\/2025\/09\/M_und_Meldorf.ankommen.mitmachen_nebeneinander-2048x856.jpg 2048w\" sizes=\"(max-width: 800px) 100vw, 800px\" \/>\t\t\t\t\t\t\t\t\t\t\t<figcaption class=\"widget-image-caption wp-caption-text\"><\/figcaption>\n\t\t\t\t\t\t\t\t\t\t<\/figure>\n\t\t\t\t\t\t\t\t\t<\/div>\n\t\t\t\t<div class=\"elementor-element elementor-element-2481e1d elementor-widget elementor-widget-image\" data-id=\"2481e1d\" data-element_type=\"widget\" data-e-type=\"widget\" data-widget_type=\"image.default\">\n\t\t\t\t\t\t\t\t\t\t\t\t\t\t\t<img loading=\"lazy\" decoding=\"async\" width=\"300\" height=\"269\" src=\"https:\/\/meldorfwaerme.de\/wp-content\/uploads\/2025\/11\/Foerdersiegel-300x269.png\" class=\"attachment-medium size-medium wp-image-1181\" alt=\"\" srcset=\"https:\/\/meldorfwaerme.de\/wp-content\/uploads\/2025\/11\/Foerdersiegel-300x269.png 300w, https:\/\/meldorfwaerme.de\/wp-content\/uploads\/2025\/11\/Foerdersiegel.png 336w\" sizes=\"(max-width: 300px) 100vw, 300px\" \/>\t\t\t\t\t\t\t\t\t\t\t\t\t\t\t<\/div>\n\t\t\t\t<div class=\"elementor-element elementor-element-ec4d724 elementor-widget elementor-widget-image\" data-id=\"ec4d724\" data-element_type=\"widget\" data-e-type=\"widget\" data-widget_type=\"image.default\">\n\t\t\t\t\t\t\t\t\t\t\t\t\t\t\t<img loading=\"lazy\" decoding=\"async\" width=\"363\" height=\"182\" src=\"https:\/\/meldorfwaerme.de\/wp-content\/uploads\/2025\/08\/Klimasiegel.png\" class=\"attachment-large size-large wp-image-985\" alt=\"\" srcset=\"https:\/\/meldorfwaerme.de\/wp-content\/uploads\/2025\/08\/Klimasiegel.png 363w, https:\/\/meldorfwaerme.de\/wp-content\/uploads\/2025\/08\/Klimasiegel-300x150.png 300w\" sizes=\"(max-width: 363px) 100vw, 363px\" \/>\t\t\t\t\t\t\t\t\t\t\t\t\t\t\t<\/div>\n\t\t\t\t\t<\/div>\n\t\t\t\t<\/div>\n\t\t<div class=\"elementor-element elementor-element-1e63c9d e-flex e-con-boxed e-con e-parent\" data-id=\"1e63c9d\" data-element_type=\"container\" data-e-type=\"container\">\n\t\t\t\t\t<div class=\"e-con-inner\">\n\t\t\t\t<div class=\"elementor-element elementor-element-d5753fe elementor-widget-divider--view-line elementor-widget elementor-widget-divider\" data-id=\"d5753fe\" data-element_type=\"widget\" data-e-type=\"widget\" data-widget_type=\"divider.default\">\n\t\t\t\t\t\t\t<div class=\"elementor-divider\">\n\t\t\t<span class=\"elementor-divider-separator\">\n\t\t\t\t\t\t<\/span>\n\t\t<\/div>\n\t\t\t\t\t\t<\/div>\n\t\t\t\t\t<\/div>\n\t\t\t\t<\/div>\n\t\t\t\t<\/div>\n\t\t","protected":false},"excerpt":{"rendered":"<p>Ihre W\u00e4rme.Unsere Zukunft. Willkommen bei der Meldorfer W\u00e4rmeinfrastruktur Schleswig-Holstein setzt auf eine klimafreundliche Zukunft. Unser Bundesland verfolgt das Ziel, bis 2040 vollst\u00e4ndig klimaneutral zu sein. Innovative Projekte wie der Meldorfer Erdbecken-W\u00e4rmespeicher zeigen, wie erneuerbare Energie und effiziente W\u00e4rmenetze dabei helfen, dieses ambitionierte Vorhaben mit zu tragen. Mit jedem Kilowatt W\u00e4rme aus regionalen, CO\u2082-armen Quellen bringen [&hellip;]<\/p>\n","protected":false},"author":1,"featured_media":0,"parent":0,"menu_order":0,"comment_status":"closed","ping_status":"open","template":"","meta":{"footnotes":""},"class_list":["post-2","page","type-page","status-publish","hentry"],"_links":{"self":[{"href":"https:\/\/meldorfwaerme.de\/index.php?rest_route=\/wp\/v2\/pages\/2","targetHints":{"allow":["GET"]}}],"collection":[{"href":"https:\/\/meldorfwaerme.de\/index.php?rest_route=\/wp\/v2\/pages"}],"about":[{"href":"https:\/\/meldorfwaerme.de\/index.php?rest_route=\/wp\/v2\/types\/page"}],"author":[{"embeddable":true,"href":"https:\/\/meldorfwaerme.de\/index.php?rest_route=\/wp\/v2\/users\/1"}],"replies":[{"embeddable":true,"href":"https:\/\/meldorfwaerme.de\/index.php?rest_route=%2Fwp%2Fv2%2Fcomments&post=2"}],"version-history":[{"count":535,"href":"https:\/\/meldorfwaerme.de\/index.php?rest_route=\/wp\/v2\/pages\/2\/revisions"}],"predecessor-version":[{"id":1260,"href":"https:\/\/meldorfwaerme.de\/index.php?rest_route=\/wp\/v2\/pages\/2\/revisions\/1260"}],"wp:attachment":[{"href":"https:\/\/meldorfwaerme.de\/index.php?rest_route=%2Fwp%2Fv2%2Fmedia&parent=2"}],"curies":[{"name":"wp","href":"https:\/\/api.w.org\/{rel}","templated":true}]}}